{"id":29207,"date":"2023-03-21T23:26:52","date_gmt":"2023-03-21T22:26:52","guid":{"rendered":"https:\/\/purpose.li\/?page_id=29207"},"modified":"2024-11-20T14:05:01","modified_gmt":"2024-11-20T13:05:01","slug":"unser-team","status":"publish","type":"page","link":"https:\/\/purpose.li\/en\/unser-team\/","title":{"rendered":"Our team"},"content":{"rendered":"<div data-elementor-type=\"wp-page\" data-elementor-id=\"29207\" class=\"elementor elementor-29207\" data-elementor-post-type=\"page\">\n\t\t\t\t\t\t<section class=\"elementor-section elementor-top-section elementor-element elementor-element-2c0af21 elementor-section-boxed elementor-section-height-default elementor-section-height-default\" data-id=\"2c0af21\" data-element_type=\"section\" data-e-type=\"section\" data-settings=\"{&quot;background_background&quot;:&quot;classic&quot;}\">\n\t\t\t\t\t\t<div class=\"elementor-container elementor-column-gap-default\">\n\t\t\t\t\t<div class=\"elementor-column elementor-col-100 elementor-top-column elementor-element elementor-element-cc988ac\" data-id=\"cc988ac\" data-element_type=\"column\" data-e-type=\"column\">\n\t\t\t<div class=\"elementor-widget-wrap elementor-element-populated\">\n\t\t\t\t\t\t<div class=\"elementor-element elementor-element-81451ac elementor-invisible elementor-widget elementor-widget-heading\" data-id=\"81451ac\" data-element_type=\"widget\" data-e-type=\"widget\" data-settings=\"{&quot;_animation&quot;:&quot;fadeInDown&quot;}\" data-widget_type=\"heading.default\">\n\t\t\t\t\t<h2 class=\"elementor-heading-title elementor-size-default\">We make corporate culture transparent and measurable.<\/h2>\t\t\t\t<\/div>\n\t\t\t\t<div class=\"elementor-element elementor-element-1cc6aaa elementor-invisible elementor-widget elementor-widget-text-editor\" data-id=\"1cc6aaa\" data-element_type=\"widget\" data-e-type=\"widget\" data-settings=\"{&quot;_animation&quot;:&quot;fadeInUp&quot;}\" data-widget_type=\"text-editor.default\">\n\t\t\t\t\t\t\t\t\t<p>Companies often know what values they stand for, but are unsure how these are actually practiced in everyday life. Our tools provide the necessary clarity.<\/p>\t\t\t\t\t\t\t\t<\/div>\n\t\t\t\t\t<\/div>\n\t\t<\/div>\n\t\t\t\t\t<\/div>\n\t\t<\/section>\n\t\t\t\t<section class=\"elementor-section elementor-top-section elementor-element elementor-element-e0bc287 elementor-section-boxed elementor-section-height-default elementor-section-height-default\" data-id=\"e0bc287\" data-element_type=\"section\" data-e-type=\"section\">\n\t\t\t\t\t\t<div class=\"elementor-container elementor-column-gap-default\">\n\t\t\t\t\t<div class=\"elementor-column elementor-col-50 elementor-top-column elementor-element elementor-element-c9af99c elementor-invisible\" data-id=\"c9af99c\" data-element_type=\"column\" data-e-type=\"column\" data-settings=\"{&quot;animation&quot;:&quot;fadeInUp&quot;}\">\n\t\t\t<div class=\"elementor-widget-wrap elementor-element-populated\">\n\t\t\t\t\t\t<div class=\"elementor-element elementor-element-8cc4fa2 elementor-widget elementor-widget-image\" data-id=\"8cc4fa2\" data-element_type=\"widget\" data-e-type=\"widget\" data-widget_type=\"image.default\">\n\t\t\t\t\t\t\t\t\t\t\t\t\t\t\t<img decoding=\"async\" width=\"150\" height=\"150\" src=\"https:\/\/purpose.li\/wp-content\/uploads\/2023\/04\/DSCF6438-150x150.jpg\" class=\"attachment-thumbnail size-thumbnail wp-image-29785\" alt=\"\" srcset=\"https:\/\/purpose.li\/wp-content\/uploads\/2023\/04\/DSCF6438-150x150.jpg 150w, https:\/\/purpose.li\/wp-content\/uploads\/2023\/04\/DSCF6438-300x300.jpg 300w, https:\/\/purpose.li\/wp-content\/uploads\/2023\/04\/DSCF6438-1024x1024.jpg 1024w, https:\/\/purpose.li\/wp-content\/uploads\/2023\/04\/DSCF6438-768x768.jpg 768w, https:\/\/purpose.li\/wp-content\/uploads\/2023\/04\/DSCF6438-1536x1536.jpg 1536w, https:\/\/purpose.li\/wp-content\/uploads\/2023\/04\/DSCF6438.jpg 2048w\" sizes=\"(max-width: 150px) 100vw, 150px\" \/>\t\t\t\t\t\t\t\t\t\t\t\t\t\t\t<\/div>\n\t\t\t\t<div class=\"elementor-element elementor-element-e815e28 elementor-widget elementor-widget-heading\" data-id=\"e815e28\" data-element_type=\"widget\" data-e-type=\"widget\" data-widget_type=\"heading.default\">\n\t\t\t\t\t<h2 class=\"elementor-heading-title elementor-size-default\">Hartmut H\u00fcbner<\/h2>\t\t\t\t<\/div>\n\t\t\t\t<div class=\"elementor-element elementor-element-bdb7727 elementor-widget elementor-widget-heading\" data-id=\"bdb7727\" data-element_type=\"widget\" data-e-type=\"widget\" data-widget_type=\"heading.default\">\n\t\t\t\t\t<h3 class=\"elementor-heading-title elementor-size-default\">Always be open to discovering new things.<\/h3>\t\t\t\t<\/div>\n\t\t\t\t<div class=\"elementor-element elementor-element-d8c05d3 elementor-widget elementor-widget-text-editor\" data-id=\"d8c05d3\" data-element_type=\"widget\" data-e-type=\"widget\" data-widget_type=\"text-editor.default\">\n\t\t\t\t\t\t\t\t\t<p>My goal is to connect people through communication. In this way, we can find innovative and creative solutions to today's problems and challenges.<\/p><p>My heart topics:<br \/>Culture - AI - Creativity - Communication<\/p>\t\t\t\t\t\t\t\t<\/div>\n\t\t\t\t<div class=\"elementor-element elementor-element-1afaa55 elementor-mobile-align-center elementor-align-center elementor-invisible elementor-widget elementor-widget-button\" data-id=\"1afaa55\" data-element_type=\"widget\" data-e-type=\"widget\" data-settings=\"{&quot;_animation&quot;:&quot;fadeInUp&quot;,&quot;_animation_delay&quot;:400}\" data-widget_type=\"button.default\">\n\t\t\t\t\t\t\t\t\t\t<a class=\"elementor-button elementor-button-link elementor-size-md\" href=\"https:\/\/www.linkedin.com\/in\/hartmuthuebner\/\" target=\"_blank\" rel=\"nofollow\">\n\t\t\t\t\t\t<span class=\"elementor-button-content-wrapper\">\n\t\t\t\t\t\t\t\t\t<span class=\"elementor-button-text\">LinkedIn<\/span>\n\t\t\t\t\t<\/span>\n\t\t\t\t\t<\/a>\n\t\t\t\t\t\t\t\t<\/div>\n\t\t\t\t\t<\/div>\n\t\t<\/div>\n\t\t\t\t<div class=\"elementor-column elementor-col-50 elementor-top-column elementor-element elementor-element-ba5680f elementor-invisible\" data-id=\"ba5680f\" data-element_type=\"column\" data-e-type=\"column\" data-settings=\"{&quot;animation&quot;:&quot;fadeInUp&quot;,&quot;animation_delay&quot;:200}\">\n\t\t\t<div class=\"elementor-widget-wrap elementor-element-populated\">\n\t\t\t\t\t\t<div class=\"elementor-element elementor-element-a2cb09e elementor-widget elementor-widget-image\" data-id=\"a2cb09e\" data-element_type=\"widget\" data-e-type=\"widget\" data-widget_type=\"image.default\">\n\t\t\t\t\t\t\t\t\t\t\t\t\t\t\t<img decoding=\"async\" width=\"150\" height=\"150\" src=\"https:\/\/purpose.li\/wp-content\/uploads\/2023\/04\/DSCF6427-150x150.jpg\" class=\"attachment-thumbnail size-thumbnail wp-image-29780\" alt=\"Image Frank Thiele\" srcset=\"https:\/\/purpose.li\/wp-content\/uploads\/2023\/04\/DSCF6427-150x150.jpg 150w, https:\/\/purpose.li\/wp-content\/uploads\/2023\/04\/DSCF6427-300x300.jpg 300w, https:\/\/purpose.li\/wp-content\/uploads\/2023\/04\/DSCF6427-1024x1024.jpg 1024w, https:\/\/purpose.li\/wp-content\/uploads\/2023\/04\/DSCF6427-768x768.jpg 768w, https:\/\/purpose.li\/wp-content\/uploads\/2023\/04\/DSCF6427-1536x1536.jpg 1536w, https:\/\/purpose.li\/wp-content\/uploads\/2023\/04\/DSCF6427.jpg 2047w\" sizes=\"(max-width: 150px) 100vw, 150px\" \/>\t\t\t\t\t\t\t\t\t\t\t\t\t\t\t<\/div>\n\t\t\t\t<div class=\"elementor-element elementor-element-9ef91b0 elementor-widget elementor-widget-heading\" data-id=\"9ef91b0\" data-element_type=\"widget\" data-e-type=\"widget\" data-widget_type=\"heading.default\">\n\t\t\t\t\t<h2 class=\"elementor-heading-title elementor-size-default\">Frank Thiele<\/h2>\t\t\t\t<\/div>\n\t\t\t\t<div class=\"elementor-element elementor-element-326f421 elementor-widget elementor-widget-heading\" data-id=\"326f421\" data-element_type=\"widget\" data-e-type=\"widget\" data-widget_type=\"heading.default\">\n\t\t\t\t\t<h3 class=\"elementor-heading-title elementor-size-default\">Use design to make things move in a positive way.<\/h3>\t\t\t\t<\/div>\n\t\t\t\t<div class=\"elementor-element elementor-element-852b625 elementor-widget elementor-widget-text-editor\" data-id=\"852b625\" data-element_type=\"widget\" data-e-type=\"widget\" data-widget_type=\"text-editor.default\">\n\t\t\t\t\t\t\t\t\t<p>As a designer and facilitator of complex innovation processes in cross-functional teams, I unleash the potential of design to develop customer- and user-centric value propositions and create value-based brand presences.<\/p><p>My heart topics:<br \/>Lifelong learning - Growth Mindset - Leadership &amp; Facilitation<\/p>\t\t\t\t\t\t\t\t<\/div>\n\t\t\t\t<div class=\"elementor-element elementor-element-02d9076 elementor-mobile-align-center elementor-align-center elementor-invisible elementor-widget elementor-widget-button\" data-id=\"02d9076\" data-element_type=\"widget\" data-e-type=\"widget\" data-settings=\"{&quot;_animation&quot;:&quot;fadeInUp&quot;,&quot;_animation_delay&quot;:400}\" data-widget_type=\"button.default\">\n\t\t\t\t\t\t\t\t\t\t<a class=\"elementor-button elementor-button-link elementor-size-md\" href=\"https:\/\/www.linkedin.com\/in\/frank-thiele-8994101\/\" target=\"_blank\" rel=\"nofollow\">\n\t\t\t\t\t\t<span class=\"elementor-button-content-wrapper\">\n\t\t\t\t\t\t\t\t\t<span class=\"elementor-button-text\">LinkedIn<\/span>\n\t\t\t\t\t<\/span>\n\t\t\t\t\t<\/a>\n\t\t\t\t\t\t\t\t<\/div>\n\t\t\t\t\t<\/div>\n\t\t<\/div>\n\t\t\t\t\t<\/div>\n\t\t<\/section>\n\t\t\t\t<section class=\"elementor-section elementor-top-section elementor-element elementor-element-1ecc870 elementor-section-boxed elementor-section-height-default elementor-section-height-default\" data-id=\"1ecc870\" data-element_type=\"section\" data-e-type=\"section\">\n\t\t\t\t\t\t<div class=\"elementor-container elementor-column-gap-default\">\n\t\t\t\t\t<div class=\"elementor-column elementor-col-50 elementor-top-column elementor-element elementor-element-ff38dc8 elementor-invisible\" data-id=\"ff38dc8\" data-element_type=\"column\" data-e-type=\"column\" data-settings=\"{&quot;animation&quot;:&quot;fadeInUp&quot;}\">\n\t\t\t<div class=\"elementor-widget-wrap elementor-element-populated\">\n\t\t\t\t\t\t<div class=\"elementor-element elementor-element-6078c30 elementor-widget elementor-widget-image\" data-id=\"6078c30\" data-element_type=\"widget\" data-e-type=\"widget\" data-widget_type=\"image.default\">\n\t\t\t\t\t\t\t\t\t\t\t\t\t\t\t<img decoding=\"async\" width=\"150\" height=\"150\" src=\"https:\/\/purpose.li\/wp-content\/uploads\/2023\/04\/DSCF6339-150x150.jpg\" class=\"attachment-thumbnail size-thumbnail wp-image-29781\" alt=\"\" srcset=\"https:\/\/purpose.li\/wp-content\/uploads\/2023\/04\/DSCF6339-150x150.jpg 150w, https:\/\/purpose.li\/wp-content\/uploads\/2023\/04\/DSCF6339-300x300.jpg 300w, https:\/\/purpose.li\/wp-content\/uploads\/2023\/04\/DSCF6339-1024x1024.jpg 1024w, https:\/\/purpose.li\/wp-content\/uploads\/2023\/04\/DSCF6339-768x768.jpg 768w, https:\/\/purpose.li\/wp-content\/uploads\/2023\/04\/DSCF6339-1536x1536.jpg 1536w, https:\/\/purpose.li\/wp-content\/uploads\/2023\/04\/DSCF6339.jpg 2048w\" sizes=\"(max-width: 150px) 100vw, 150px\" \/>\t\t\t\t\t\t\t\t\t\t\t\t\t\t\t<\/div>\n\t\t\t\t<div class=\"elementor-element elementor-element-e0fe92f elementor-widget elementor-widget-heading\" data-id=\"e0fe92f\" data-element_type=\"widget\" data-e-type=\"widget\" data-widget_type=\"heading.default\">\n\t\t\t\t\t<h2 class=\"elementor-heading-title elementor-size-default\">Julian Philipp<\/h2>\t\t\t\t<\/div>\n\t\t\t\t<div class=\"elementor-element elementor-element-c7c2888 elementor-widget elementor-widget-heading\" data-id=\"c7c2888\" data-element_type=\"widget\" data-e-type=\"widget\" data-widget_type=\"heading.default\">\n\t\t\t\t\t<h3 class=\"elementor-heading-title elementor-size-default\">Reduce to the max!<\/h3>\t\t\t\t<\/div>\n\t\t\t\t<div class=\"elementor-element elementor-element-64e6b48 elementor-widget elementor-widget-text-editor\" data-id=\"64e6b48\" data-element_type=\"widget\" data-e-type=\"widget\" data-widget_type=\"text-editor.default\">\n\t\t\t\t\t\t\t\t\t<p>By creating agile processes and methodologies in complex social, political and corporate environments, I guide teams towards sustainable decisions.<\/p><p>My heart topics:<br \/>Project management &amp; test assurance - Decision making - Moderation<\/p>\t\t\t\t\t\t\t\t<\/div>\n\t\t\t\t<div class=\"elementor-element elementor-element-4415ffc elementor-mobile-align-center elementor-align-center elementor-invisible elementor-widget elementor-widget-button\" data-id=\"4415ffc\" data-element_type=\"widget\" data-e-type=\"widget\" data-settings=\"{&quot;_animation&quot;:&quot;fadeInUp&quot;,&quot;_animation_delay&quot;:400}\" data-widget_type=\"button.default\">\n\t\t\t\t\t\t\t\t\t\t<a class=\"elementor-button elementor-button-link elementor-size-md\" href=\"https:\/\/www.linkedin.com\/in\/julian-philipp-91b46992\/\" target=\"_blank\" rel=\"nofollow\">\n\t\t\t\t\t\t<span class=\"elementor-button-content-wrapper\">\n\t\t\t\t\t\t\t\t\t<span class=\"elementor-button-text\">LinkedIn<\/span>\n\t\t\t\t\t<\/span>\n\t\t\t\t\t<\/a>\n\t\t\t\t\t\t\t\t<\/div>\n\t\t\t\t\t<\/div>\n\t\t<\/div>\n\t\t\t\t<div class=\"elementor-column elementor-col-50 elementor-top-column elementor-element elementor-element-e98ec39 elementor-invisible\" data-id=\"e98ec39\" data-element_type=\"column\" data-e-type=\"column\" data-settings=\"{&quot;animation&quot;:&quot;fadeInUp&quot;,&quot;animation_delay&quot;:200}\">\n\t\t\t<div class=\"elementor-widget-wrap elementor-element-populated\">\n\t\t\t\t\t\t<div class=\"elementor-element elementor-element-d72752f elementor-widget elementor-widget-image\" data-id=\"d72752f\" data-element_type=\"widget\" data-e-type=\"widget\" data-widget_type=\"image.default\">\n\t\t\t\t\t\t\t\t\t\t\t\t\t\t\t<img loading=\"lazy\" decoding=\"async\" width=\"150\" height=\"150\" src=\"https:\/\/purpose.li\/wp-content\/uploads\/2023\/04\/DSCF6363-150x150.jpg\" class=\"attachment-thumbnail size-thumbnail wp-image-29782\" alt=\"\" srcset=\"https:\/\/purpose.li\/wp-content\/uploads\/2023\/04\/DSCF6363-150x150.jpg 150w, https:\/\/purpose.li\/wp-content\/uploads\/2023\/04\/DSCF6363-300x300.jpg 300w, https:\/\/purpose.li\/wp-content\/uploads\/2023\/04\/DSCF6363-1024x1024.jpg 1024w, https:\/\/purpose.li\/wp-content\/uploads\/2023\/04\/DSCF6363-768x768.jpg 768w, https:\/\/purpose.li\/wp-content\/uploads\/2023\/04\/DSCF6363-1536x1536.jpg 1536w, https:\/\/purpose.li\/wp-content\/uploads\/2023\/04\/DSCF6363.jpg 2048w\" sizes=\"(max-width: 150px) 100vw, 150px\" \/>\t\t\t\t\t\t\t\t\t\t\t\t\t\t\t<\/div>\n\t\t\t\t<div class=\"elementor-element elementor-element-b5d3851 elementor-widget elementor-widget-heading\" data-id=\"b5d3851\" data-element_type=\"widget\" data-e-type=\"widget\" data-widget_type=\"heading.default\">\n\t\t\t\t\t<h2 class=\"elementor-heading-title elementor-size-default\">Michael Reinhardt<\/h2>\t\t\t\t<\/div>\n\t\t\t\t<div class=\"elementor-element elementor-element-5f82487 elementor-widget elementor-widget-heading\" data-id=\"5f82487\" data-element_type=\"widget\" data-e-type=\"widget\" data-widget_type=\"heading.default\">\n\t\t\t\t\t<h3 class=\"elementor-heading-title elementor-size-default\">Accompany and connect people and organisations for a meaningful and healthy worklive.<\/h3>\t\t\t\t<\/div>\n\t\t\t\t<div class=\"elementor-element elementor-element-cfdc004 elementor-widget elementor-widget-text-editor\" data-id=\"cfdc004\" data-element_type=\"widget\" data-e-type=\"widget\" data-widget_type=\"text-editor.default\">\n\t\t\t\t\t\t\t\t\t<p>I accompany people to get in touch with themselves again, to connect with each other within teams and organizations and enable the networking of meaningful oriented people.\u00a0\u00a0<\/p><p>My heart topics:<br \/>Self-awareness training - Cultural change processes - Self-organization in teams and organizations - Participative finding and decision-making processes - Workplace health promotion\u00a0<\/p>\t\t\t\t\t\t\t\t<\/div>\n\t\t\t\t<div class=\"elementor-element elementor-element-49645db elementor-mobile-align-center elementor-align-center elementor-invisible elementor-widget elementor-widget-button\" data-id=\"49645db\" data-element_type=\"widget\" data-e-type=\"widget\" data-settings=\"{&quot;_animation&quot;:&quot;fadeInUp&quot;,&quot;_animation_delay&quot;:400}\" data-widget_type=\"button.default\">\n\t\t\t\t\t\t\t\t\t\t<a class=\"elementor-button elementor-button-link elementor-size-md\" href=\"https:\/\/www.linkedin.com\/in\/michael-reinhardt-36678011b\/\" target=\"_blank\" rel=\"nofollow\">\n\t\t\t\t\t\t<span class=\"elementor-button-content-wrapper\">\n\t\t\t\t\t\t\t\t\t<span class=\"elementor-button-text\">LinkedIn<\/span>\n\t\t\t\t\t<\/span>\n\t\t\t\t\t<\/a>\n\t\t\t\t\t\t\t\t<\/div>\n\t\t\t\t\t<\/div>\n\t\t<\/div>\n\t\t\t\t\t<\/div>\n\t\t<\/section>\n\t\t\t\t<\/div>","protected":false},"excerpt":{"rendered":"<p>Wir machen Firmenkultur transparent und messbar. Oft wissen Firmen, welche Werte sie vertreten, sind sich jedoch unsicher, wie diese tats\u00e4chlich im Alltag gelebt werden. Unsere Tools sorgen f\u00fcr die n\u00f6tige [&hellip;]<\/p>\n","protected":false},"author":1,"featured_media":0,"parent":0,"menu_order":0,"comment_status":"closed","ping_status":"closed","template":"elementor_header_footer","meta":{"_acf_changed":false,"_seopress_robots_primary_cat":"","_seopress_titles_title":"","_seopress_titles_desc":"","_seopress_robots_index":"","_price":"","_stock":"","_tribe_ticket_header":"","_tribe_default_ticket_provider":"","_tribe_ticket_capacity":"0","_ticket_start_date":"","_ticket_end_date":"","_tribe_ticket_show_description":"","_tribe_ticket_show_not_going":false,"_tribe_ticket_use_global_stock":"","_tribe_ticket_global_stock_level":"","_global_stock_mode":"","_global_stock_cap":"","_tribe_rsvp_for_event":"","_tribe_ticket_going_count":"","_tribe_ticket_not_going_count":"","_tribe_tickets_list":"[]","_tribe_ticket_has_attendee_info_fields":false,"footnotes":"","_tec_slr_enabled":"","_tec_slr_layout":""},"class_list":["post-29207","page","type-page","status-publish","hentry"],"acf":[],"ticketed":false,"_links":{"self":[{"href":"https:\/\/purpose.li\/en\/wp-json\/wp\/v2\/pages\/29207","targetHints":{"allow":["GET"]}}],"collection":[{"href":"https:\/\/purpose.li\/en\/wp-json\/wp\/v2\/pages"}],"about":[{"href":"https:\/\/purpose.li\/en\/wp-json\/wp\/v2\/types\/page"}],"author":[{"embeddable":true,"href":"https:\/\/purpose.li\/en\/wp-json\/wp\/v2\/users\/1"}],"replies":[{"embeddable":true,"href":"https:\/\/purpose.li\/en\/wp-json\/wp\/v2\/comments?post=29207"}],"version-history":[{"count":37,"href":"https:\/\/purpose.li\/en\/wp-json\/wp\/v2\/pages\/29207\/revisions"}],"predecessor-version":[{"id":30887,"href":"https:\/\/purpose.li\/en\/wp-json\/wp\/v2\/pages\/29207\/revisions\/30887"}],"wp:attachment":[{"href":"https:\/\/purpose.li\/en\/wp-json\/wp\/v2\/media?parent=29207"}],"curies":[{"name":"wp","href":"https:\/\/api.w.org\/{rel}","templated":true}]}}