{"id":29201,"date":"2023-03-21T23:25:52","date_gmt":"2023-03-21T22:25:52","guid":{"rendered":"https:\/\/purpose.li\/?page_id=29201"},"modified":"2025-10-14T10:41:25","modified_gmt":"2025-10-14T08:41:25","slug":"my-purpose","status":"publish","type":"page","link":"https:\/\/purpose.li\/en\/my-purpose\/","title":{"rendered":"My Purpose"},"content":{"rendered":"<div data-elementor-type=\"wp-page\" data-elementor-id=\"29201\" class=\"elementor elementor-29201\" data-elementor-post-type=\"page\">\n\t\t\t\t\t\t<section class=\"elementor-section elementor-top-section elementor-element elementor-element-6f197d5 elementor-section-height-min-height elementor-section-boxed elementor-section-height-default elementor-section-items-middle\" data-id=\"6f197d5\" data-element_type=\"section\" data-e-type=\"section\" data-settings=\"{&quot;background_background&quot;:&quot;classic&quot;}\">\n\t\t\t\t\t\t<div class=\"elementor-container elementor-column-gap-default\">\n\t\t\t\t\t<div class=\"elementor-column elementor-col-50 elementor-top-column elementor-element elementor-element-65121fc\" data-id=\"65121fc\" data-element_type=\"column\" data-e-type=\"column\">\n\t\t\t<div class=\"elementor-widget-wrap elementor-element-populated\">\n\t\t\t\t\t\t<div class=\"elementor-element elementor-element-2b54704 elementor-invisible elementor-widget elementor-widget-heading\" data-id=\"2b54704\" data-element_type=\"widget\" data-e-type=\"widget\" data-settings=\"{&quot;_animation&quot;:&quot;fadeInDown&quot;}\" data-widget_type=\"heading.default\">\n\t\t\t\t\t<h1 class=\"elementor-heading-title elementor-size-default\">Success ...\ncomes from joy<\/h1>\t\t\t\t<\/div>\n\t\t\t\t<div class=\"elementor-element elementor-element-896e779 elementor-widget elementor-widget-text-editor\" data-id=\"896e779\" data-element_type=\"widget\" data-e-type=\"widget\" data-widget_type=\"text-editor.default\">\n\t\t\t\t\t\t\t\t\t<h5><span style=\"white-space-collapse: preserve;\">\ud83d\udc49 Do you think that discipline and \"hard work\" are the key to success? <\/span><\/h5>\t\t\t\t\t\t\t\t<\/div>\n\t\t\t\t<div class=\"elementor-element elementor-element-b9bd470 elementor-widget elementor-widget-text-editor\" data-id=\"b9bd470\" data-element_type=\"widget\" data-e-type=\"widget\" data-widget_type=\"text-editor.default\">\n\t\t\t\t\t\t\t\t\t<p><span style=\"white-space-collapse: preserve; color: var( --e-global-color-text ); background-color: var( --e-global-color-dffab4f );\">However, if you look at what the really successful people do, they manage their time well and have long since escaped the daily hamster wheel.<\/span><\/p>\n<p><span style=\"white-space-collapse: preserve;\">They concentrate on what gives them pleasure: They focus on their \"purpose\".<\/span><\/p>\t\t\t\t\t\t\t\t<\/div>\n\t\t\t\t<div class=\"elementor-element elementor-element-bfd1c37 elementor-mobile-align-center elementor-align-left elementor-invisible elementor-widget elementor-widget-button\" data-id=\"bfd1c37\" data-element_type=\"widget\" data-e-type=\"widget\" data-settings=\"{&quot;_animation&quot;:&quot;fadeInUp&quot;,&quot;_animation_delay&quot;:400}\" data-widget_type=\"button.default\">\n\t\t\t\t\t\t\t\t\t\t<a class=\"elementor-button elementor-button-link elementor-size-sm\" href=\"https:\/\/my.purpose.li\/\" target=\"_blank\">\n\t\t\t\t\t\t<span class=\"elementor-button-content-wrapper\">\n\t\t\t\t\t\t\t\t\t<span class=\"elementor-button-text\">Jeztzt zu purpose journey anmelden<\/span>\n\t\t\t\t\t<\/span>\n\t\t\t\t\t<\/a>\n\t\t\t\t\t\t\t\t<\/div>\n\t\t\t\t\t<\/div>\n\t\t<\/div>\n\t\t\t\t<div class=\"elementor-column elementor-col-50 elementor-top-column elementor-element elementor-element-fdb084d\" data-id=\"fdb084d\" data-element_type=\"column\" data-e-type=\"column\">\n\t\t\t<div class=\"elementor-widget-wrap elementor-element-populated\">\n\t\t\t\t\t\t<div class=\"elementor-element elementor-element-3514998 elementor-widget__width-initial elementor-invisible elementor-widget elementor-widget-image\" data-id=\"3514998\" data-element_type=\"widget\" data-e-type=\"widget\" data-settings=\"{&quot;_animation&quot;:&quot;fadeInRight&quot;}\" data-widget_type=\"image.default\">\n\t\t\t\t\t\t\t\t\t\t\t\t\t\t\t<img fetchpriority=\"high\" decoding=\"async\" width=\"800\" height=\"520\" src=\"https:\/\/purpose.li\/wp-content\/uploads\/2023\/03\/aPyWPG08QDyxMEORwnDU_discover_values-1024x666.png\" class=\"attachment-large size-large wp-image-29338\" alt=\"\" srcset=\"https:\/\/purpose.li\/wp-content\/uploads\/2023\/03\/aPyWPG08QDyxMEORwnDU_discover_values-1024x666.png 1024w, https:\/\/purpose.li\/wp-content\/uploads\/2023\/03\/aPyWPG08QDyxMEORwnDU_discover_values-300x195.png 300w, https:\/\/purpose.li\/wp-content\/uploads\/2023\/03\/aPyWPG08QDyxMEORwnDU_discover_values-768x500.png 768w, https:\/\/purpose.li\/wp-content\/uploads\/2023\/03\/aPyWPG08QDyxMEORwnDU_discover_values.png 1050w\" sizes=\"(max-width: 800px) 100vw, 800px\" \/>\t\t\t\t\t\t\t\t\t\t\t\t\t\t\t<\/div>\n\t\t\t\t<div class=\"elementor-element elementor-element-838c2e1 elementor-widget elementor-widget-spacer\" data-id=\"838c2e1\" data-element_type=\"widget\" data-e-type=\"widget\" data-widget_type=\"spacer.default\">\n\t\t\t\t\t\t\t<div class=\"elementor-spacer\">\n\t\t\t<div class=\"elementor-spacer-inner\"><\/div>\n\t\t<\/div>\n\t\t\t\t\t\t<\/div>\n\t\t\t\t<div class=\"elementor-element elementor-element-e152abe elementor-widget elementor-widget-image\" data-id=\"e152abe\" data-element_type=\"widget\" data-e-type=\"widget\" data-widget_type=\"image.default\">\n\t\t\t\t\t\t\t\t\t\t\t\t\t\t\t\t<a href=\"https:\/\/digihub.li\/\" target=\"_blank\">\n\t\t\t\t\t\t\t<img decoding=\"async\" width=\"324\" height=\"76\" src=\"https:\/\/purpose.li\/wp-content\/uploads\/2024\/02\/Digihub_Logo.png\" class=\"attachment-large size-large wp-image-30666\" alt=\"\" srcset=\"https:\/\/purpose.li\/wp-content\/uploads\/2024\/02\/Digihub_Logo.png 324w, https:\/\/purpose.li\/wp-content\/uploads\/2024\/02\/Digihub_Logo-300x70.png 300w, https:\/\/purpose.li\/wp-content\/uploads\/2024\/02\/Digihub_Logo-18x4.png 18w\" sizes=\"(max-width: 324px) 100vw, 324px\" \/>\t\t\t\t\t\t\t\t<\/a>\n\t\t\t\t\t\t\t\t\t\t\t\t\t\t\t<\/div>\n\t\t\t\t\t<\/div>\n\t\t<\/div>\n\t\t\t\t\t<\/div>\n\t\t<\/section>\n\t\t\t\t<section class=\"elementor-section elementor-top-section elementor-element elementor-element-143ebf2 elementor-section-boxed elementor-section-height-default elementor-section-height-default\" data-id=\"143ebf2\" data-element_type=\"section\" data-e-type=\"section\" data-settings=\"{&quot;background_background&quot;:&quot;classic&quot;}\">\n\t\t\t\t\t\t<div class=\"elementor-container elementor-column-gap-default\">\n\t\t\t\t\t<div class=\"elementor-column elementor-col-100 elementor-top-column elementor-element elementor-element-cb14760\" data-id=\"cb14760\" data-element_type=\"column\" data-e-type=\"column\">\n\t\t\t<div class=\"elementor-widget-wrap elementor-element-populated\">\n\t\t\t\t\t\t<section class=\"elementor-section elementor-inner-section elementor-element elementor-element-c0292c3 elementor-section-boxed elementor-section-height-default elementor-section-height-default\" data-id=\"c0292c3\" data-element_type=\"section\" data-e-type=\"section\">\n\t\t\t\t\t\t<div class=\"elementor-container elementor-column-gap-default\">\n\t\t\t\t\t<div class=\"elementor-column elementor-col-50 elementor-inner-column elementor-element elementor-element-10257db\" data-id=\"10257db\" data-element_type=\"column\" data-e-type=\"column\">\n\t\t\t<div class=\"elementor-widget-wrap elementor-element-populated\">\n\t\t\t\t\t\t<div class=\"elementor-element elementor-element-c2e1b02 elementor-invisible elementor-widget elementor-widget-image\" data-id=\"c2e1b02\" data-element_type=\"widget\" data-e-type=\"widget\" data-settings=\"{&quot;_animation&quot;:&quot;fadeInRight&quot;}\" data-widget_type=\"image.default\">\n\t\t\t\t\t\t\t\t\t\t\t\t\t\t\t<img decoding=\"async\" width=\"800\" height=\"703\" src=\"https:\/\/purpose.li\/wp-content\/uploads\/2023\/03\/hMRXKI9zSAan57Wb0Crh_mp_app_board-1024x900.png\" class=\"attachment-large size-large wp-image-29339\" alt=\"\" srcset=\"https:\/\/purpose.li\/wp-content\/uploads\/2023\/03\/hMRXKI9zSAan57Wb0Crh_mp_app_board-1024x900.png 1024w, https:\/\/purpose.li\/wp-content\/uploads\/2023\/03\/hMRXKI9zSAan57Wb0Crh_mp_app_board-300x264.png 300w, https:\/\/purpose.li\/wp-content\/uploads\/2023\/03\/hMRXKI9zSAan57Wb0Crh_mp_app_board-768x675.png 768w, https:\/\/purpose.li\/wp-content\/uploads\/2023\/03\/hMRXKI9zSAan57Wb0Crh_mp_app_board-1536x1350.png 1536w, https:\/\/purpose.li\/wp-content\/uploads\/2023\/03\/hMRXKI9zSAan57Wb0Crh_mp_app_board.png 1639w\" sizes=\"(max-width: 800px) 100vw, 800px\" \/>\t\t\t\t\t\t\t\t\t\t\t\t\t\t\t<\/div>\n\t\t\t\t\t<\/div>\n\t\t<\/div>\n\t\t\t\t<div class=\"elementor-column elementor-col-50 elementor-inner-column elementor-element elementor-element-731fbcf\" data-id=\"731fbcf\" data-element_type=\"column\" data-e-type=\"column\">\n\t\t\t<div class=\"elementor-widget-wrap elementor-element-populated\">\n\t\t\t\t\t\t<div class=\"elementor-element elementor-element-c6ec3b7 elementor-invisible elementor-widget elementor-widget-text-editor\" data-id=\"c6ec3b7\" data-element_type=\"widget\" data-e-type=\"widget\" data-settings=\"{&quot;_animation&quot;:&quot;fadeInUp&quot;}\" data-widget_type=\"text-editor.default\">\n\t\t\t\t\t\t\t\t\t<h5><span style=\"white-space-collapse: preserve;\">We at Meet Your Purpose are a startup from Liechtenstein and a project partner of digihub.li. <\/span><\/h5>\t\t\t\t\t\t\t\t<\/div>\n\t\t\t\t<div class=\"elementor-element elementor-element-a255230 elementor-invisible elementor-widget elementor-widget-text-editor\" data-id=\"a255230\" data-element_type=\"widget\" data-e-type=\"widget\" data-settings=\"{&quot;_animation&quot;:&quot;fadeInUp&quot;}\" data-widget_type=\"text-editor.default\">\n\t\t\t\t\t\t\t\t\t<p><span style=\"white-space-collapse: preserve;\">Our aim is for all people to find access to their purpose and thus create the basis for achieving personal success with joy. <\/span><\/p><p><span style=\"white-space-collapse: preserve;\">One way to do this is via our online course, the PURPOSE JOURNEY. Supported by AI, the course guides you through six subject areas: Vision, Attitude, Inner Motivation, Values, Skills and Purpose.<\/span><span style=\"white-space-collapse: preserve;\"><br \/><\/span><\/p><p><span style=\"white-space-collapse: preserve;\">At the end of the course, these are used to create your personal purpose sentence based on our scientifically sound formula.<\/span><\/p><p><span style=\"white-space-collapse: preserve;\">After completing the course, you will gain access to our POWERED BY PURPOSE community, where members support each other in implementing purpose in their daily lives.<\/span><span style=\"white-space-collapse: preserve;\"><br \/><\/span><\/p>\t\t\t\t\t\t\t\t<\/div>\n\t\t\t\t<div class=\"elementor-element elementor-element-dad5bfc elementor-mobile-align-center elementor-align-left elementor-invisible elementor-widget elementor-widget-button\" data-id=\"dad5bfc\" data-element_type=\"widget\" data-e-type=\"widget\" data-settings=\"{&quot;_animation&quot;:&quot;fadeInUp&quot;,&quot;_animation_delay&quot;:400}\" data-widget_type=\"button.default\">\n\t\t\t\t\t\t\t\t\t\t<a class=\"elementor-button elementor-button-link elementor-size-sm\" href=\"https:\/\/my.purpose.li\/\" target=\"_blank\">\n\t\t\t\t\t\t<span class=\"elementor-button-content-wrapper\">\n\t\t\t\t\t\t\t\t\t<span class=\"elementor-button-text\">&lt;span data-metadata=&quot;<!--(figmeta)eyJmaWxlS2V5IjoiNGU5bUdFaGxHWnFWM1NkSHJKZlUxVyIsInBhc3RlSUQiOjE1MzQ2NDM3OTcsImRhdGFUeXBlIjoic2NlbmUifQo=(\/figmeta)-->\"&gt;<\/span>Register now for the Purpose Journey<\/span>\n\t\t\t\t\t<\/span>\n\t\t\t\t\t<\/a>\n\t\t\t\t\t\t\t\t<\/div>\n\t\t\t\t<div class=\"elementor-element elementor-element-887c538 elementor-mobile-align-center elementor-align-left elementor-invisible elementor-widget elementor-widget-button\" data-id=\"887c538\" data-element_type=\"widget\" data-e-type=\"widget\" data-settings=\"{&quot;_animation&quot;:&quot;fadeInUp&quot;,&quot;_animation_delay&quot;:400}\" data-widget_type=\"button.default\">\n\t\t\t\t\t\t\t\t\t\t<a class=\"elementor-button elementor-button-link elementor-size-sm\" href=\"https:\/\/purpose.li\/wp-content\/uploads\/2024\/07\/My-Purpose-Journey-eBook.pdf\" target=\"_blank\">\n\t\t\t\t\t\t<span class=\"elementor-button-content-wrapper\">\n\t\t\t\t\t\t\t\t\t<span class=\"elementor-button-text\">&lt;span data-metadata=&quot;<!--(figmeta)eyJmaWxlS2V5IjoiNGU5bUdFaGxHWnFWM1NkSHJKZlUxVyIsInBhc3RlSUQiOjE1MzQ2NDM3OTcsImRhdGFUeXBlIjoic2NlbmUifQo=(\/figmeta)-->\"&gt;<\/span>Read our whitepaper on the course<\/span>\n\t\t\t\t\t<\/span>\n\t\t\t\t\t<\/a>\n\t\t\t\t\t\t\t\t<\/div>\n\t\t\t\t\t<\/div>\n\t\t<\/div>\n\t\t\t\t\t<\/div>\n\t\t<\/section>\n\t\t\t\t<div class=\"elementor-element elementor-element-5c8a24b elementor-invisible elementor-widget elementor-widget-heading\" data-id=\"5c8a24b\" data-element_type=\"widget\" data-e-type=\"widget\" data-settings=\"{&quot;_animation&quot;:&quot;fadeInDown&quot;}\" data-widget_type=\"heading.default\">\n\t\t\t\t\t<h4 class=\"elementor-heading-title elementor-size-default\">Empower Yourself. Live Purpose. Change the World!<\/h4>\t\t\t\t<\/div>\n\t\t\t\t\t<\/div>\n\t\t<\/div>\n\t\t\t\t\t<\/div>\n\t\t<\/section>\n\t\t\t\t<section class=\"elementor-section elementor-top-section elementor-element elementor-element-a184c88 elementor-section-boxed elementor-section-height-default elementor-section-height-default\" data-id=\"a184c88\" data-element_type=\"section\" data-e-type=\"section\" data-settings=\"{&quot;background_background&quot;:&quot;classic&quot;}\">\n\t\t\t\t\t\t<div class=\"elementor-container elementor-column-gap-default\">\n\t\t\t\t\t<div class=\"elementor-column elementor-col-100 elementor-top-column elementor-element elementor-element-ad5737f\" data-id=\"ad5737f\" data-element_type=\"column\" data-e-type=\"column\">\n\t\t\t<div class=\"elementor-widget-wrap elementor-element-populated\">\n\t\t\t\t\t\t<section class=\"elementor-section elementor-inner-section elementor-element elementor-element-bf3dad6 elementor-reverse-mobile elementor-section-boxed elementor-section-height-default elementor-section-height-default\" data-id=\"bf3dad6\" data-element_type=\"section\" data-e-type=\"section\">\n\t\t\t\t\t\t<div class=\"elementor-container elementor-column-gap-default\">\n\t\t\t\t\t<div class=\"elementor-column elementor-col-100 elementor-inner-column elementor-element elementor-element-e32ae1e\" data-id=\"e32ae1e\" data-element_type=\"column\" data-e-type=\"column\">\n\t\t\t<div class=\"elementor-widget-wrap elementor-element-populated\">\n\t\t\t\t\t\t<div class=\"elementor-element elementor-element-c2fc753 elementor-invisible elementor-widget elementor-widget-heading\" data-id=\"c2fc753\" data-element_type=\"widget\" data-e-type=\"widget\" data-settings=\"{&quot;_animation&quot;:&quot;fadeInDown&quot;}\" data-widget_type=\"heading.default\">\n\t\t\t\t\t<h2 class=\"elementor-heading-title elementor-size-default\">Our intention<\/h2>\t\t\t\t<\/div>\n\t\t\t\t<div class=\"elementor-element elementor-element-107cee6 elementor-invisible elementor-widget elementor-widget-text-editor\" data-id=\"107cee6\" data-element_type=\"widget\" data-e-type=\"widget\" data-settings=\"{&quot;_animation&quot;:&quot;fadeInUp&quot;}\" data-widget_type=\"text-editor.default\">\n\t\t\t\t\t\t\t\t\t<p>We want to support you in directing your life in a self-determined and self-responsible way. In our view, it is helpful to discover the personal meaning that you give through your actions and activities. On this way our application shall accompany you.<\/p><p>Why did we choose an application as a tool for this?<br \/>Weil wir es damit einer gr\u00f6\u00dftm\u00f6glichen Anzahl von Menschen erm\u00f6glichen k\u00f6nnen, unabh\u00e4ngig von kulturellen, finanziellen oder anderen Rahmenbedingungen, das eigene Leben sinnorientiert zu gestalten. Ein &#8222;Wof\u00fcr&#8220; zu finden, f\u00fcr das es sich jeden Tag lohnt aufzustehen.<\/p><p>We want to make a contribution to improving equal opportunities, especially with regard to work. In addition, more and more studies show that people see their activity, their work at the workplace as little or hardly meaningful. We, however, see people who know their values and needs, who are oriented towards an open world view full of possibilities and who fully develop their abilities.<\/p>\t\t\t\t\t\t\t\t<\/div>\n\t\t\t\t\t<\/div>\n\t\t<\/div>\n\t\t\t\t\t<\/div>\n\t\t<\/section>\n\t\t\t\t\t<\/div>\n\t\t<\/div>\n\t\t\t\t\t<\/div>\n\t\t<\/section>\n\t\t\t\t<\/div>","protected":false},"excerpt":{"rendered":"<p>Erfolg &#8230; kommt von Freude \ud83d\udc49 Du denkst, dass vor allem Disziplin und \u00abharte Arbeit\u00bb den Erfolg bringen? Wenn du jedoch schaust, was die wirklich erfolgreichen Menschen tun, teilen sie [&hellip;]<\/p>\n","protected":false},"author":1,"featured_media":0,"parent":0,"menu_order":0,"comment_status":"closed","ping_status":"closed","template":"elementor_header_footer","meta":{"_acf_changed":false,"_seopress_robots_primary_cat":"","_seopress_titles_title":"Meet Your Purpose: Sinnstiftendes Wirken entdecken","_seopress_titles_desc":"Die Meet Your Purpose-Applikation begleitet dich dabei, sinnstiftendes Wirken zu entdecken. Dein Weg hin zu mehr Selbstbestimmung und fokussierter Lebensgestaltung.","_seopress_robots_index":"","_price":"","_stock":"","_tribe_ticket_header":"","_tribe_default_ticket_provider":"","_tribe_ticket_capacity":"0","_ticket_start_date":"","_ticket_end_date":"","_tribe_ticket_show_description":"","_tribe_ticket_show_not_going":false,"_tribe_ticket_use_global_stock":"","_tribe_ticket_global_stock_level":"","_global_stock_mode":"","_global_stock_cap":"","_tribe_rsvp_for_event":"","_tribe_ticket_going_count":"","_tribe_ticket_not_going_count":"","_tribe_tickets_list":"[]","_tribe_ticket_has_attendee_info_fields":false,"footnotes":"","_tec_slr_enabled":"","_tec_slr_layout":""},"class_list":["post-29201","page","type-page","status-publish","hentry"],"acf":[],"ticketed":false,"_links":{"self":[{"href":"https:\/\/purpose.li\/en\/wp-json\/wp\/v2\/pages\/29201","targetHints":{"allow":["GET"]}}],"collection":[{"href":"https:\/\/purpose.li\/en\/wp-json\/wp\/v2\/pages"}],"about":[{"href":"https:\/\/purpose.li\/en\/wp-json\/wp\/v2\/types\/page"}],"author":[{"embeddable":true,"href":"https:\/\/purpose.li\/en\/wp-json\/wp\/v2\/users\/1"}],"replies":[{"embeddable":true,"href":"https:\/\/purpose.li\/en\/wp-json\/wp\/v2\/comments?post=29201"}],"version-history":[{"count":94,"href":"https:\/\/purpose.li\/en\/wp-json\/wp\/v2\/pages\/29201\/revisions"}],"predecessor-version":[{"id":30961,"href":"https:\/\/purpose.li\/en\/wp-json\/wp\/v2\/pages\/29201\/revisions\/30961"}],"wp:attachment":[{"href":"https:\/\/purpose.li\/en\/wp-json\/wp\/v2\/media?parent=29201"}],"curies":[{"name":"wp","href":"https:\/\/api.w.org\/{rel}","templated":true}]}}